{"id":7738,"date":"2022-08-13T21:00:45","date_gmt":"2022-08-13T21:00:45","guid":{"rendered":"https:\/\/www.haircity.co.uk\/?product=givenchy-gentleman-boisee-eau-de-parfum-spray-100ml"},"modified":"2022-08-13T21:00:45","modified_gmt":"2022-08-13T21:00:45","slug":"givenchy-gentleman-boisee-eau-de-parfum-spray-100ml","status":"publish","type":"product","link":"https:\/\/www.haircity.co.uk\/?product=givenchy-gentleman-boisee-eau-de-parfum-spray-100ml","title":{"rendered":"Givenchy Gentleman Bois\u00e9e Eau De Parfum Spray 100ml"},"content":{"rendered":"<p>Givenchy Gentleman Bois\u00e9e Eau De Parfum Spray 100ml. Introducing Givenchy Gentleman Boise\u00e9.Launched by the design house of Givenchy in 1975 Gentleman is a luxurious blend of oriental woody fragrances.This magnificently masculine scent possesses a blend of woodsy aromatic top notes of spice, with lower notes of rose and leather.. The perfect gentleman evening wear.<\/p>\n","protected":false},"excerpt":{"rendered":"<p>Givenchy Gentleman Bois\u00e9e Eau De Parfum Spray 100ml. Introducing Givenchy Gentleman Boise\u00e9.Launched by the design house of Givenchy in 1975&#8230;<\/p>\n","protected":false},"featured_media":7739,"comment_status":"open","ping_status":"open","template":"","meta":[],"etheme_brands":[{"term_id":120,"name":"Givenchy","slug":"givenchy","term_group":0,"term_taxonomy_id":120,"taxonomy":"brand","description":"","parent":0,"count":119,"filter":"raw"}],"product_brand":[],"product_cat":[190],"product_tag":[],"class_list":{"0":"post-7738","1":"product","2":"type-product","3":"status-publish","4":"has-post-thumbnail","6":"brand-givenchy","7":"product_cat-dior","9":"first","10":"instock","11":"product-type-external"},"_links":{"self":[{"href":"https:\/\/www.haircity.co.uk\/index.php?rest_route=\/wp\/v2\/product\/7738","targetHints":{"allow":["GET"]}}],"collection":[{"href":"https:\/\/www.haircity.co.uk\/index.php?rest_route=\/wp\/v2\/product"}],"about":[{"href":"https:\/\/www.haircity.co.uk\/index.php?rest_route=\/wp\/v2\/types\/product"}],"replies":[{"embeddable":true,"href":"https:\/\/www.haircity.co.uk\/index.php?rest_route=%2Fwp%2Fv2%2Fcomments&post=7738"}],"wp:featuredmedia":[{"embeddable":true,"href":"https:\/\/www.haircity.co.uk\/index.php?rest_route=\/wp\/v2\/media\/7739"}],"wp:attachment":[{"href":"https:\/\/www.haircity.co.uk\/index.php?rest_route=%2Fwp%2Fv2%2Fmedia&parent=7738"}],"wp:term":[{"taxonomy":"brand","embeddable":true,"href":"https:\/\/www.haircity.co.uk\/index.php?rest_route=%2Fwp%2Fv2%2Fetheme_brands&post=7738"},{"taxonomy":"product_brand","embeddable":true,"href":"https:\/\/www.haircity.co.uk\/index.php?rest_route=%2Fwp%2Fv2%2Fproduct_brand&post=7738"},{"taxonomy":"product_cat","embeddable":true,"href":"https:\/\/www.haircity.co.uk\/index.php?rest_route=%2Fwp%2Fv2%2Fproduct_cat&post=7738"},{"taxonomy":"product_tag","embeddable":true,"href":"https:\/\/www.haircity.co.uk\/index.php?rest_route=%2Fwp%2Fv2%2Fproduct_tag&post=7738"}],"curies":[{"name":"wp","href":"https:\/\/api.w.org\/{rel}","templated":true}]}}