{"id":5888,"date":"2022-08-13T20:53:48","date_gmt":"2022-08-13T20:53:48","guid":{"rendered":"https:\/\/www.haircity.co.uk\/?product=chanel-vitalumiere-radiant-foundation-30-cendre"},"modified":"2022-08-13T20:53:48","modified_gmt":"2022-08-13T20:53:48","slug":"chanel-vitalumiere-radiant-foundation-30-cendre","status":"publish","type":"product","link":"https:\/\/www.haircity.co.uk\/?product=chanel-vitalumiere-radiant-foundation-30-cendre","title":{"rendered":"CHANEL VITALUMI\u00c8RE radiant foundation #30-cendr\u00e9"},"content":{"rendered":"<p>CHANEL VITALUMI\u00c8RE radiant foundation #30-cendr\u00e9<\/p>\n","protected":false},"excerpt":{"rendered":"<p>CHANEL VITALUMI\u00c8RE radiant foundation #30-cendr\u00e9<\/p>\n","protected":false},"featured_media":5889,"comment_status":"open","ping_status":"open","template":"","meta":[],"etheme_brands":[{"term_id":185,"name":"Chanel","slug":"chanel","term_group":0,"term_taxonomy_id":185,"taxonomy":"brand","description":"","parent":0,"count":19,"filter":"raw"}],"product_brand":[],"product_cat":[190],"product_tag":[],"class_list":{"0":"post-5888","1":"product","2":"type-product","3":"status-publish","4":"has-post-thumbnail","6":"brand-chanel","7":"product_cat-dior","9":"first","10":"instock","11":"product-type-external"},"_links":{"self":[{"href":"https:\/\/www.haircity.co.uk\/index.php?rest_route=\/wp\/v2\/product\/5888","targetHints":{"allow":["GET"]}}],"collection":[{"href":"https:\/\/www.haircity.co.uk\/index.php?rest_route=\/wp\/v2\/product"}],"about":[{"href":"https:\/\/www.haircity.co.uk\/index.php?rest_route=\/wp\/v2\/types\/product"}],"replies":[{"embeddable":true,"href":"https:\/\/www.haircity.co.uk\/index.php?rest_route=%2Fwp%2Fv2%2Fcomments&post=5888"}],"wp:featuredmedia":[{"embeddable":true,"href":"https:\/\/www.haircity.co.uk\/index.php?rest_route=\/wp\/v2\/media\/5889"}],"wp:attachment":[{"href":"https:\/\/www.haircity.co.uk\/index.php?rest_route=%2Fwp%2Fv2%2Fmedia&parent=5888"}],"wp:term":[{"taxonomy":"brand","embeddable":true,"href":"https:\/\/www.haircity.co.uk\/index.php?rest_route=%2Fwp%2Fv2%2Fetheme_brands&post=5888"},{"taxonomy":"product_brand","embeddable":true,"href":"https:\/\/www.haircity.co.uk\/index.php?rest_route=%2Fwp%2Fv2%2Fproduct_brand&post=5888"},{"taxonomy":"product_cat","embeddable":true,"href":"https:\/\/www.haircity.co.uk\/index.php?rest_route=%2Fwp%2Fv2%2Fproduct_cat&post=5888"},{"taxonomy":"product_tag","embeddable":true,"href":"https:\/\/www.haircity.co.uk\/index.php?rest_route=%2Fwp%2Fv2%2Fproduct_tag&post=5888"}],"curies":[{"name":"wp","href":"https:\/\/api.w.org\/{rel}","templated":true}]}}