{"id":15316,"date":"2022-08-13T21:52:47","date_gmt":"2022-08-13T21:52:47","guid":{"rendered":"https:\/\/www.haircity.co.uk\/?product=christmas-melatogenine-anti-wrinkle-collection-gift-set"},"modified":"2022-08-18T17:15:53","modified_gmt":"2022-08-18T17:15:53","slug":"christmas-melatogenine-anti-wrinkle-collection-gift-set","status":"publish","type":"product","link":"https:\/\/www.haircity.co.uk\/?product=christmas-melatogenine-anti-wrinkle-collection-gift-set","title":{"rendered":"Christmas M\u00e9latog\u00e9nine Anti-wrinkle Collection Gift Set"},"content":{"rendered":"<p>ContentsM\u00e9latog\u00e9nine MorphoBiotique\u0099 Serum 30ml M\u00e9latog\u00e9nine MorphoBiotique\u0099 Cream 50ml M\u00e9latog\u00e9nine Futur Plus Anti-Wrinkle Radiance Mask 75ml A gift that guarantees professional results. Gatineau\u0092s M\u00e9latog\u00e9nine MorphoBiotique\u0099 range combines the cell plumping power of their youth activating M\u00e9latog\u00e9nine\u0099 and MorphoTriPeptide technologies with the microbiological shield of Great Burdock Root and Chestnut Seed Extract, protecting cells from free-radical damage.<\/p>\n","protected":false},"excerpt":{"rendered":"<p>ContentsM\u00e9latog\u00e9nine MorphoBiotique\u0099 Serum 30ml M\u00e9latog\u00e9nine MorphoBiotique\u0099 Cream 50ml M\u00e9latog\u00e9nine Futur Plus Anti-Wrinkle Radiance Mask 75ml A gift that guarantees professional&#8230;<\/p>\n","protected":false},"featured_media":15317,"comment_status":"open","ping_status":"open","template":"","meta":[],"etheme_brands":[{"term_id":314,"name":"Gatineau","slug":"gatineau","term_group":0,"term_taxonomy_id":314,"taxonomy":"brand","description":"","parent":0,"count":40,"filter":"raw"}],"product_brand":[],"product_cat":[134],"product_tag":[351],"class_list":{"0":"post-15316","1":"product","2":"type-product","3":"status-publish","4":"has-post-thumbnail","6":"brand-gatineau","7":"product_cat-skincare","8":"product_tag-skincare","10":"first","11":"instock","12":"product-type-external"},"_links":{"self":[{"href":"https:\/\/www.haircity.co.uk\/index.php?rest_route=\/wp\/v2\/product\/15316","targetHints":{"allow":["GET"]}}],"collection":[{"href":"https:\/\/www.haircity.co.uk\/index.php?rest_route=\/wp\/v2\/product"}],"about":[{"href":"https:\/\/www.haircity.co.uk\/index.php?rest_route=\/wp\/v2\/types\/product"}],"replies":[{"embeddable":true,"href":"https:\/\/www.haircity.co.uk\/index.php?rest_route=%2Fwp%2Fv2%2Fcomments&post=15316"}],"wp:featuredmedia":[{"embeddable":true,"href":"https:\/\/www.haircity.co.uk\/index.php?rest_route=\/wp\/v2\/media\/15317"}],"wp:attachment":[{"href":"https:\/\/www.haircity.co.uk\/index.php?rest_route=%2Fwp%2Fv2%2Fmedia&parent=15316"}],"wp:term":[{"taxonomy":"brand","embeddable":true,"href":"https:\/\/www.haircity.co.uk\/index.php?rest_route=%2Fwp%2Fv2%2Fetheme_brands&post=15316"},{"taxonomy":"product_brand","embeddable":true,"href":"https:\/\/www.haircity.co.uk\/index.php?rest_route=%2Fwp%2Fv2%2Fproduct_brand&post=15316"},{"taxonomy":"product_cat","embeddable":true,"href":"https:\/\/www.haircity.co.uk\/index.php?rest_route=%2Fwp%2Fv2%2Fproduct_cat&post=15316"},{"taxonomy":"product_tag","embeddable":true,"href":"https:\/\/www.haircity.co.uk\/index.php?rest_route=%2Fwp%2Fv2%2Fproduct_tag&post=15316"}],"curies":[{"name":"wp","href":"https:\/\/api.w.org\/{rel}","templated":true}]}}