{"id":15252,"date":"2022-08-13T21:52:04","date_gmt":"2022-08-13T21:52:04","guid":{"rendered":"https:\/\/www.haircity.co.uk\/?product=christmas-melatogenine-cleansing-collection-gift-set"},"modified":"2022-08-18T17:15:54","modified_gmt":"2022-08-18T17:15:54","slug":"christmas-melatogenine-cleansing-collection-gift-set","status":"publish","type":"product","link":"https:\/\/www.haircity.co.uk\/?product=christmas-melatogenine-cleansing-collection-gift-set","title":{"rendered":"Christmas M\u00e9latog\u00e9nine Cleansing Collection Gift Set"},"content":{"rendered":"<p>ContentsM\u00e9latog\u00e9nine\u0099 Refreshing Cleansing Cream 250mlRadiance Enhancing Gommage 75mlPink Satin Headband Salon quality cleansing is the perfect gift this Christmas. The Melatogenine Refreshing Cleansing Cream is a triple action anti-ageing formula designed to cleanse, tone and micro-exfoliate the skin.<\/p>\n","protected":false},"excerpt":{"rendered":"<p>ContentsM\u00e9latog\u00e9nine\u0099 Refreshing Cleansing Cream 250mlRadiance Enhancing Gommage 75mlPink Satin Headband Salon quality cleansing is the perfect gift this Christmas. The&#8230;<\/p>\n","protected":false},"featured_media":15253,"comment_status":"open","ping_status":"open","template":"","meta":[],"etheme_brands":[{"term_id":314,"name":"Gatineau","slug":"gatineau","term_group":0,"term_taxonomy_id":314,"taxonomy":"brand","description":"","parent":0,"count":40,"filter":"raw"}],"product_brand":[],"product_cat":[134],"product_tag":[351],"class_list":{"0":"post-15252","1":"product","2":"type-product","3":"status-publish","4":"has-post-thumbnail","6":"brand-gatineau","7":"product_cat-skincare","8":"product_tag-skincare","10":"first","11":"instock","12":"product-type-external"},"_links":{"self":[{"href":"https:\/\/www.haircity.co.uk\/index.php?rest_route=\/wp\/v2\/product\/15252","targetHints":{"allow":["GET"]}}],"collection":[{"href":"https:\/\/www.haircity.co.uk\/index.php?rest_route=\/wp\/v2\/product"}],"about":[{"href":"https:\/\/www.haircity.co.uk\/index.php?rest_route=\/wp\/v2\/types\/product"}],"replies":[{"embeddable":true,"href":"https:\/\/www.haircity.co.uk\/index.php?rest_route=%2Fwp%2Fv2%2Fcomments&post=15252"}],"wp:featuredmedia":[{"embeddable":true,"href":"https:\/\/www.haircity.co.uk\/index.php?rest_route=\/wp\/v2\/media\/15253"}],"wp:attachment":[{"href":"https:\/\/www.haircity.co.uk\/index.php?rest_route=%2Fwp%2Fv2%2Fmedia&parent=15252"}],"wp:term":[{"taxonomy":"brand","embeddable":true,"href":"https:\/\/www.haircity.co.uk\/index.php?rest_route=%2Fwp%2Fv2%2Fetheme_brands&post=15252"},{"taxonomy":"product_brand","embeddable":true,"href":"https:\/\/www.haircity.co.uk\/index.php?rest_route=%2Fwp%2Fv2%2Fproduct_brand&post=15252"},{"taxonomy":"product_cat","embeddable":true,"href":"https:\/\/www.haircity.co.uk\/index.php?rest_route=%2Fwp%2Fv2%2Fproduct_cat&post=15252"},{"taxonomy":"product_tag","embeddable":true,"href":"https:\/\/www.haircity.co.uk\/index.php?rest_route=%2Fwp%2Fv2%2Fproduct_tag&post=15252"}],"curies":[{"name":"wp","href":"https:\/\/api.w.org\/{rel}","templated":true}]}}