{"id":11684,"date":"2022-08-13T21:16:33","date_gmt":"2022-08-13T21:16:33","guid":{"rendered":"https:\/\/www.haircity.co.uk\/?product=guerlain-orchidee-imperiale-the-imperial-oil-30ml"},"modified":"2022-08-13T21:16:33","modified_gmt":"2022-08-13T21:16:33","slug":"guerlain-orchidee-imperiale-the-imperial-oil-30ml","status":"publish","type":"product","link":"https:\/\/www.haircity.co.uk\/?product=guerlain-orchidee-imperiale-the-imperial-oil-30ml","title":{"rendered":"Guerlain Orchid\u00e9e Imp\u00e9riale The Imperial Oil 30ml"},"content":{"rendered":"<p>Guerlain Orchid\u00e9e Imp\u00e9riale The Imperial Oil 30ml<\/p>\n","protected":false},"excerpt":{"rendered":"<p>Guerlain Orchid\u00e9e Imp\u00e9riale The Imperial Oil 30ml<\/p>\n","protected":false},"featured_media":11685,"comment_status":"open","ping_status":"open","template":"","meta":[],"etheme_brands":[{"term_id":127,"name":"Guerlain","slug":"guerlain","term_group":0,"term_taxonomy_id":127,"taxonomy":"brand","description":"","parent":0,"count":195,"filter":"raw"}],"product_brand":[],"product_cat":[242],"product_tag":[],"class_list":{"0":"post-11684","1":"product","2":"type-product","3":"status-publish","4":"has-post-thumbnail","6":"brand-guerlain","7":"product_cat-guerlain","9":"first","10":"instock","11":"product-type-external"},"_links":{"self":[{"href":"https:\/\/www.haircity.co.uk\/index.php?rest_route=\/wp\/v2\/product\/11684","targetHints":{"allow":["GET"]}}],"collection":[{"href":"https:\/\/www.haircity.co.uk\/index.php?rest_route=\/wp\/v2\/product"}],"about":[{"href":"https:\/\/www.haircity.co.uk\/index.php?rest_route=\/wp\/v2\/types\/product"}],"replies":[{"embeddable":true,"href":"https:\/\/www.haircity.co.uk\/index.php?rest_route=%2Fwp%2Fv2%2Fcomments&post=11684"}],"wp:featuredmedia":[{"embeddable":true,"href":"https:\/\/www.haircity.co.uk\/index.php?rest_route=\/wp\/v2\/media\/11685"}],"wp:attachment":[{"href":"https:\/\/www.haircity.co.uk\/index.php?rest_route=%2Fwp%2Fv2%2Fmedia&parent=11684"}],"wp:term":[{"taxonomy":"brand","embeddable":true,"href":"https:\/\/www.haircity.co.uk\/index.php?rest_route=%2Fwp%2Fv2%2Fetheme_brands&post=11684"},{"taxonomy":"product_brand","embeddable":true,"href":"https:\/\/www.haircity.co.uk\/index.php?rest_route=%2Fwp%2Fv2%2Fproduct_brand&post=11684"},{"taxonomy":"product_cat","embeddable":true,"href":"https:\/\/www.haircity.co.uk\/index.php?rest_route=%2Fwp%2Fv2%2Fproduct_cat&post=11684"},{"taxonomy":"product_tag","embeddable":true,"href":"https:\/\/www.haircity.co.uk\/index.php?rest_route=%2Fwp%2Fv2%2Fproduct_tag&post=11684"}],"curies":[{"name":"wp","href":"https:\/\/api.w.org\/{rel}","templated":true}]}}